{"id":23,"date":"2023-12-07T12:09:43","date_gmt":"2023-12-07T12:09:43","guid":{"rendered":"https:\/\/pemobau.at\/?page_id=23"},"modified":"2024-01-16T18:54:02","modified_gmt":"2024-01-16T18:54:02","slug":"home","status":"publish","type":"page","link":"https:\/\/pemobau.at\/","title":{"rendered":"Home"},"content":{"rendered":"\n<div class=\"wp-block-cover alignfull is-light\" style=\"min-height:700px;aspect-ratio:unset;\"><span aria-hidden=\"true\" class=\"wp-block-cover__background has-background-dim-0 has-background-dim\"><\/span><img fetchpriority=\"high\" decoding=\"async\" width=\"992\" height=\"661\" class=\"wp-block-cover__image-background wp-image-52\" alt=\"\" src=\"http:\/\/pemobau-at.preview-domain.com\/wp-content\/uploads\/2023\/12\/led-streifen-ideen-inspiration-treppe-992x661-4.jpg\" data-object-fit=\"cover\" srcset=\"https:\/\/pemobau.at\/wp-content\/uploads\/2023\/12\/led-streifen-ideen-inspiration-treppe-992x661-4.jpg 992w, https:\/\/pemobau.at\/wp-content\/uploads\/2023\/12\/led-streifen-ideen-inspiration-treppe-992x661-4-300x200.jpg 300w, https:\/\/pemobau.at\/wp-content\/uploads\/2023\/12\/led-streifen-ideen-inspiration-treppe-992x661-4-768x512.jpg 768w, https:\/\/pemobau.at\/wp-content\/uploads\/2023\/12\/led-streifen-ideen-inspiration-treppe-992x661-4-930x620.jpg 930w\" sizes=\"(max-width: 992px) 100vw, 992px\" \/><div class=\"wp-block-cover__inner-container is-layout-flow wp-block-cover-is-layout-flow\">\n<div style=\"height:80px\" aria-hidden=\"true\" class=\"wp-block-spacer\"><\/div>\n\n\n\n<h1 class=\"wp-block-heading alignwide has-text-align-center has-text-color\" style=\"color:#121212\">Sie tr\u00e4umen,<\/h1>\n\n\n\n<h1 class=\"wp-block-heading alignwide has-text-align-center has-text-color\" style=\"color:#121212\">wir machen den Rest<\/h1>\n\n\n\n<p class=\"has-text-align-center has-text-color\" style=\"color:#121212;font-size:17px\">Mit pr\u00e4ziser Handwerkskunst gestaltet unsere Firma, R\u00e4ume nach Ihren W\u00fcnschen \u2013 sei es durch Trockenbau, Fliesenverlegung, Bodenverlegung oder ma\u00dfgeschneiderte M\u00f6bel.<\/p>\n\n\n\n<div class=\"wp-block-buttons is-content-justification-center is-layout-flex wp-container-core-buttons-is-layout-16018d1d wp-block-buttons-is-layout-flex\">\n<div class=\"wp-block-button is-style-primary\"><a class=\"wp-block-button__link wp-element-button\" href=\"https:\/\/pemobau.at\/?page_id=65\">PROJEKTE<\/a><\/div>\n\n\n\n<div class=\"wp-block-button is-style-secondary\"><a class=\"wp-block-button__link has-nv-site-bg-color has-text-color has-background has-link-color has-border-color wp-element-button\" href=\"https:\/\/pemobau.at\/?page_id=25\" style=\"border-color:#201087;background-color:#201087\" target=\"_blank\" rel=\"noreferrer noopener\">KONTAKT<\/a><\/div>\n<\/div>\n\n\n\n<div style=\"height:80px\" aria-hidden=\"true\" class=\"wp-block-spacer\"><\/div>\n\n\n\n<div style=\"height:80px\" aria-hidden=\"true\" class=\"wp-block-spacer\"><\/div>\n\n\n\n<p><\/p>\n<\/div><\/div>\n\n\n\n<div style=\"height:80px\" aria-hidden=\"true\" class=\"wp-block-spacer\"><\/div>\n\n\n\n<div class=\"wp-block-columns is-layout-flex wp-container-core-columns-is-layout-9d6595d7 wp-block-columns-is-layout-flex\">\n<div class=\"wp-block-column is-layout-flow wp-block-column-is-layout-flow\"><div class=\"wp-block-image\">\n<figure class=\"aligncenter size-full\"><img decoding=\"async\" width=\"64\" height=\"64\" src=\"https:\/\/pemobau.at\/wp-content\/uploads\/2023\/12\/icons8-zeit-64.png\" alt=\"\" class=\"wp-image-147\"\/><\/figure>\n<\/div>\n\n\n<div style=\"height:20px\" aria-hidden=\"true\" class=\"wp-block-spacer\"><\/div>\n\n\n\n<h3 class=\"wp-block-heading has-text-align-center has-neve-text-color-color has-text-color\">Pauschal oder St\u00fcndlich<\/h3>\n\n\n\n<p class=\"has-text-align-center\">Unsere Arbeit wird pr\u00e4zise auf Ihre Bed\u00fcrfnisse und W\u00fcnsche zugeschnitten, um ein ma\u00dfgeschneidertes Ergebnis von h\u00f6chster Qualit\u00e4t zu gew\u00e4hrleisten.<\/p>\n\n\n\n<div style=\"height:20px\" aria-hidden=\"true\" class=\"wp-block-spacer\"><\/div>\n<\/div>\n\n\n\n<div class=\"wp-block-column is-layout-flow wp-block-column-is-layout-flow\"><div class=\"wp-block-image\">\n<figure class=\"aligncenter size-full\"><img decoding=\"async\" width=\"64\" height=\"64\" src=\"https:\/\/pemobau.at\/wp-content\/uploads\/2023\/12\/icons8-kommunikation-64.png\" alt=\"\" class=\"wp-image-148\"\/><\/figure>\n<\/div>\n\n\n<div style=\"height:20px\" aria-hidden=\"true\" class=\"wp-block-spacer\"><\/div>\n\n\n\n<h3 class=\"wp-block-heading has-text-align-center has-neve-text-color-color has-text-color\">Transparente Kommunikation<\/h3>\n\n\n\n<p class=\"has-text-align-center\">Wir legen gro\u00dfen Wert auf transparente Kommunikation, um sicherzustellen, dass die individuellen Vorstellungen unserer Kunden pr\u00e4zise umgesetzt werden.<\/p>\n\n\n\n<div style=\"height:20px\" aria-hidden=\"true\" class=\"wp-block-spacer\"><\/div>\n<\/div>\n\n\n\n<div class=\"wp-block-column is-layout-flow wp-block-column-is-layout-flow\"><div class=\"wp-block-image\">\n<figure class=\"aligncenter size-full\"><img loading=\"lazy\" decoding=\"async\" width=\"64\" height=\"64\" src=\"https:\/\/pemobau.at\/wp-content\/uploads\/2023\/12\/icons8-diamant-64.png\" alt=\"\" class=\"wp-image-149\"\/><\/figure>\n<\/div>\n\n\n<div style=\"height:20px\" aria-hidden=\"true\" class=\"wp-block-spacer\"><\/div>\n\n\n\n<h3 class=\"wp-block-heading has-text-align-center has-neve-text-color-color has-text-color\">Fachliche Exzellenz<\/h3>\n\n\n\n<p class=\"has-text-align-center\">Unser Team zeichnet sich durch fachliche Expertise aus, um sicherzustellen, dass jedes Bauprojekt h\u00f6chsten Qualit\u00e4tsstandards entspricht.<\/p>\n\n\n\n<div style=\"height:20px\" aria-hidden=\"true\" class=\"wp-block-spacer\"><\/div>\n<\/div>\n<\/div>\n\n\n\n<div style=\"height:80px\" aria-hidden=\"true\" class=\"wp-block-spacer\"><\/div>\n\n\n\n<div class=\"wp-block-cover alignfull is-light wp-duotone-var--nv-site-bg-var--nv-site-bg-1\" style=\"border-style:none;border-width:0px;border-radius:0px;padding-top:0;padding-right:0;padding-bottom:0;padding-left:0;min-height:600px;aspect-ratio:unset;\"><span aria-hidden=\"true\" class=\"wp-block-cover__background has-nv-light-bg-background-color has-background-dim-0 has-background-dim\"><\/span><div class=\"wp-block-cover__inner-container is-layout-flow wp-block-cover-is-layout-flow\">\n<div class=\"wp-block-cover alignfull is-light\" style=\"min-height:600px;aspect-ratio:unset;\" id=\"ProjekteAnker\"><span aria-hidden=\"true\" class=\"wp-block-cover__background has-nv-site-bg-background-color has-background-dim-100 has-background-dim\"><\/span><div class=\"wp-block-cover__inner-container is-layout-flow wp-block-cover-is-layout-flow\">\n<div class=\"wp-block-group\"><div class=\"wp-block-group__inner-container is-layout-flow wp-block-group-is-layout-flow\">\n<div class=\"wp-block-columns are-vertically-aligned-center is-layout-flex wp-container-core-columns-is-layout-9d6595d7 wp-block-columns-is-layout-flex\">\n<div class=\"wp-block-column is-vertically-aligned-center is-layout-flow wp-block-column-is-layout-flow\" style=\"flex-basis:50%\">\n<h2 class=\"wp-block-heading has-text-align-left has-neve-text-color-color has-text-color\">Projekte<\/h2>\n\n\n\n<p class=\"has-text-align-left has-neve-text-color-color has-text-color\" style=\"font-size:17px\">Wir haben eine menge Tr\u00e4ume unserer Kunden verwirklicht. Unsere Projekt Historie ist beeindruckend<\/p>\n\n\n\n<div class=\"wp-block-buttons is-content-justification-left is-layout-flex wp-container-core-buttons-is-layout-fdcfc74e wp-block-buttons-is-layout-flex\">\n<div class=\"wp-block-button is-style-primary\"><a class=\"wp-block-button__link has-text-color has-link-color wp-element-button\" href=\"?page_id=65\" style=\"color:#201087\">Unsere Projekte<\/a><\/div>\n<\/div>\n\n\n\n<div style=\"height:40px\" aria-hidden=\"true\" class=\"wp-block-spacer\"><\/div>\n<\/div>\n\n\n\n<div class=\"wp-block-column is-vertically-aligned-center is-layout-flow wp-block-column-is-layout-flow\" style=\"flex-basis:50%\">\n<div class=\"wp-block-soliloquy-soliloquywp\"><div aria-live=\"polite\" id=\"soliloquy-container-51_1\" class=\"soliloquy-container soliloquy-transition-fade  soliloquy-theme-base\" style=\"max-width:800px;max-height:800px;\"><ul id=\"soliloquy-51_1\" class=\"soliloquy-slider soliloquy-slides soliloquy-wrap soliloquy-clear\"><li aria-hidden=\"true\" class=\"soliloquy-item soliloquy-item-1 soliloquy-image-slide\" draggable=\"false\" style=\"list-style:none\"><img decoding=\"async\" id=\"soliloquy-image-134\" class=\"soliloquy-image soliloquy-image-1\" src=\"https:\/\/pemobau.at\/wp-content\/uploads\/2023\/12\/20230811_160711-scaled-800x800_c.jpg\" alt=\"20230811_160711\" \/><\/li><li aria-hidden=\"true\" class=\"soliloquy-item soliloquy-item-2 soliloquy-image-slide\" draggable=\"false\" style=\"list-style:none\"><img decoding=\"async\" id=\"soliloquy-image-135\" class=\"soliloquy-image soliloquy-image-2\" src=\"https:\/\/pemobau.at\/wp-content\/uploads\/2023\/12\/20230811_160723-scaled-800x800_c.jpg\" alt=\"20230811_160723\" \/><\/li><li aria-hidden=\"true\" class=\"soliloquy-item soliloquy-item-3 soliloquy-image-slide\" draggable=\"false\" style=\"list-style:none\"><img decoding=\"async\" id=\"soliloquy-image-136\" class=\"soliloquy-image soliloquy-image-3\" src=\"https:\/\/pemobau.at\/wp-content\/uploads\/2023\/12\/20231221_113400-scaled-800x800_c.jpg\" alt=\"20231221_113400\" \/><\/li><li aria-hidden=\"true\" class=\"soliloquy-item soliloquy-item-4 soliloquy-image-slide\" draggable=\"false\" style=\"list-style:none\"><img decoding=\"async\" id=\"soliloquy-image-137\" class=\"soliloquy-image soliloquy-image-4\" src=\"https:\/\/pemobau.at\/wp-content\/uploads\/2023\/12\/07ac3d88-4e36-4413-8c43-5dc21faaae56-800x800_c.jpg\" alt=\"07ac3d88-4e36-4413-8c43-5dc21faaae56\" \/><\/li><li aria-hidden=\"true\" class=\"soliloquy-item soliloquy-item-5 soliloquy-image-slide\" draggable=\"false\" style=\"list-style:none\"><img decoding=\"async\" id=\"soliloquy-image-138\" class=\"soliloquy-image soliloquy-image-5\" src=\"https:\/\/pemobau.at\/wp-content\/uploads\/2023\/12\/20230401_132915-scaled-800x800_c.jpg\" alt=\"20230401_132915\" \/><\/li><li aria-hidden=\"true\" class=\"soliloquy-item soliloquy-item-6 soliloquy-image-slide\" draggable=\"false\" style=\"list-style:none\"><img decoding=\"async\" id=\"soliloquy-image-139\" class=\"soliloquy-image soliloquy-image-6\" src=\"https:\/\/pemobau.at\/wp-content\/uploads\/2023\/12\/0c25b140-6a87-413e-b09c-76c6d4e491b9-800x800_c.jpg\" alt=\"0c25b140-6a87-413e-b09c-76c6d4e491b9\" \/><\/li><\/ul><\/div><noscript><style type=\"text\/css\">#soliloquy-container-51_1{opacity:1}<\/style><\/noscript><\/div>\n<\/div>\n<\/div>\n\n\n\n<div style=\"height:40px\" aria-hidden=\"true\" class=\"wp-block-spacer\"><\/div>\n<\/div><\/div>\n<\/div><\/div>\n<\/div><\/div>\n\n\n\n<div class=\"wp-block-columns is-layout-flex wp-container-core-columns-is-layout-9d6595d7 wp-block-columns-is-layout-flex\">\n<div class=\"wp-block-column is-layout-flow wp-block-column-is-layout-flow\">\n<figure class=\"wp-block-image size-full\"><img loading=\"lazy\" decoding=\"async\" width=\"544\" height=\"360\" src=\"https:\/\/pemobau.at\/wp-content\/uploads\/2023\/12\/360_F_269665555_EUTbghVSidprZtdsV94mhuq4vObgkXGo-3.jpg\" alt=\"\" class=\"wp-image-99\" srcset=\"https:\/\/pemobau.at\/wp-content\/uploads\/2023\/12\/360_F_269665555_EUTbghVSidprZtdsV94mhuq4vObgkXGo-3.jpg 544w, https:\/\/pemobau.at\/wp-content\/uploads\/2023\/12\/360_F_269665555_EUTbghVSidprZtdsV94mhuq4vObgkXGo-3-300x199.jpg 300w\" sizes=\"(max-width: 544px) 100vw, 544px\" \/><\/figure>\n<\/div>\n\n\n\n<div class=\"wp-block-column is-layout-flow wp-block-column-is-layout-flow\">\n<h2><strong>Jobs<\/strong><\/h2>\n<p class=\"has-text-align-left has-neve-text-color-color has-text-color\">Als aufstrebendes Unternehmen sind wir stets auf der Suche nach engagierten und motivierten Mitarbeitern, die mit uns wachsen m\u00f6chten. \u00dcberzeugen Sie sich von uns, so wie wir unsere Kunden \u00fcberzeugen.<\/p>\n<div class=\"wp-block-buttons is-content-justification-left is-layout-flex wp-container-core-buttons-layout-3 wp-block-buttons-is-layout-flex\">\u00a0<\/div>\n\n\n\n<div class=\"wp-block-buttons is-layout-flex wp-block-buttons-is-layout-flex\">\n<div class=\"wp-block-button is-style-default\"><a class=\"wp-block-button__link has-neve-link-color-background-color has-text-color has-background has-link-color wp-element-button\" href=\"https:\/\/pemobau.at\/?page_id=25\" style=\"color:#201087\" rel=\"https:\/\/pemobau.at\/?page_id=25\">Bewerben<\/a><\/div>\n<\/div>\n<\/div>\n<\/div>\n\n\n\n<h2 class=\"wp-block-heading\"><\/h2>\n","protected":false},"excerpt":{"rendered":"<p>Pauschal oder St\u00fcndlich Unsere Arbeit wird pr\u00e4zise auf Ihre Bed\u00fcrfnisse und W\u00fcnsche zugeschnitten, um ein ma\u00dfgeschneidertes Ergebnis von h\u00f6chster Qualit\u00e4t zu gew\u00e4hrleisten. Transparente Kommunikation Wir legen gro\u00dfen Wert auf transparente Kommunikation, um sicherzustellen, dass die individuellen Vorstellungen unserer Kunden pr\u00e4zise umgesetzt werden. Fachliche Exzellenz Unser Team zeichnet sich durch fachliche Expertise aus, um sicherzustellen, dass&hellip;&nbsp;<a href=\"https:\/\/pemobau.at\/\" class=\"\" rel=\"bookmark\">Read More &raquo;<span class=\"screen-reader-text\">Home<\/span><\/a><\/p>\n","protected":false},"author":1,"featured_media":0,"parent":0,"menu_order":0,"comment_status":"closed","ping_status":"closed","template":"","meta":{"om_disable_all_campaigns":false,"_monsterinsights_skip_tracking":false,"_monsterinsights_sitenote_active":false,"_monsterinsights_sitenote_note":"","_monsterinsights_sitenote_category":0,"neve_meta_sidebar":"","neve_meta_container":"","neve_meta_enable_content_width":"on","neve_meta_content_width":100,"neve_meta_title_alignment":"","neve_meta_author_avatar":"","neve_post_elements_order":"","neve_meta_disable_header":"","neve_meta_disable_footer":"","neve_meta_disable_title":"on","footnotes":""},"class_list":["post-23","page","type-page","status-publish","hentry"],"aioseo_notices":[],"_links":{"self":[{"href":"https:\/\/pemobau.at\/index.php?rest_route=\/wp\/v2\/pages\/23","targetHints":{"allow":["GET"]}}],"collection":[{"href":"https:\/\/pemobau.at\/index.php?rest_route=\/wp\/v2\/pages"}],"about":[{"href":"https:\/\/pemobau.at\/index.php?rest_route=\/wp\/v2\/types\/page"}],"author":[{"embeddable":true,"href":"https:\/\/pemobau.at\/index.php?rest_route=\/wp\/v2\/users\/1"}],"replies":[{"embeddable":true,"href":"https:\/\/pemobau.at\/index.php?rest_route=%2Fwp%2Fv2%2Fcomments&post=23"}],"version-history":[{"count":43,"href":"https:\/\/pemobau.at\/index.php?rest_route=\/wp\/v2\/pages\/23\/revisions"}],"predecessor-version":[{"id":238,"href":"https:\/\/pemobau.at\/index.php?rest_route=\/wp\/v2\/pages\/23\/revisions\/238"}],"wp:attachment":[{"href":"https:\/\/pemobau.at\/index.php?rest_route=%2Fwp%2Fv2%2Fmedia&parent=23"}],"curies":[{"name":"wp","href":"https:\/\/api.w.org\/{rel}","templated":true}]}}